{"id":11680,"date":"2023-06-04T10:59:55","date_gmt":"2023-06-04T10:59:55","guid":{"rendered":"http:\/\/nieruchomosciprimos.pl\/?post_type=product&#038;p=11680"},"modified":"2024-06-25T18:40:37","modified_gmt":"2024-06-25T18:40:37","slug":"mieszkanie-na-wynajem-mosty-ul-konwaliowa-1","status":"publish","type":"product","link":"http:\/\/nieruchomosciprimos.pl\/?product=mieszkanie-na-wynajem-mosty-ul-konwaliowa-1","title":{"rendered":"MIESZKANIE NA WYNAJEM Mosty ul. Konwaliowa"},"content":{"rendered":"<p>WYNAJ\u0118TE \ud83d\ude42<\/p>\n<p><span style=\"font-weight: 400;\">Biuro Nieruchomo\u015bci Primos &#8211; Oferta wynajmu <\/span><\/p>\n<p><span style=\"font-weight: 400;\">Dwupokojowe mieszkanie z u\u017cytkowym poddaszem w Mostach<\/span><\/p>\n<p>&nbsp;<\/p>\n<p><span style=\"font-weight: 400;\">Z przyjemno\u015bci\u0105 przedstawiamy Pa\u0144stwu ofert\u0119 wynajmu przestronnego mieszkania dwupokojowego z u\u017cytkowym poddaszem, usytuowanego w spokojnej okolicy Most\u00f3w. Ta wyj\u0105tkowa nieruchomo\u015b\u0107, prezentowana przez Biuro Nieruchomo\u015bci Primos, posiada nie tylko dogodn\u0105 lokalizacj\u0119, ale r\u00f3wnie\u017c liczne atuty, kt\u00f3re sprawiaj\u0105, \u017ce jest idealnym wyborem dla os\u00f3b ceni\u0105cych komfort i wygod\u0119. Poni\u017cej znajduj\u0105 si\u0119 szczeg\u00f3\u0142y mieszkania:<\/span><\/p>\n<p>&nbsp;<\/p>\n<p><b>Lokalizacja:<\/b><span style=\"font-weight: 400;\"> Mieszkanie po\u0142o\u017cone jest w cichej i urokliwej okolicy w Mostach. Jednocze\u015bnie b\u0119d\u0105c blisko nadmorskich miejscowo\u015bci nad Zatok\u0105 Gda\u0144sk\u0105 i Gdyni (ok. 14 km). Od pla\u017cy w Mechelinkach dzieli j\u0105 zaledwie 1,5 km, a od Rewy mniej ni\u017c 3 km. To doskona\u0142e miejsce dla os\u00f3b, kt\u00f3re pragn\u0105 zachowa\u0107 spok\u00f3j i jednocze\u015bnie mie\u0107 \u0142atwy dost\u0119p do atrakcji Morza Ba\u0142tyckiego i centrum Gdyni. Mieszkanie znajduje si\u0119 w bezpo\u015brednim s\u0105siedztwie najpotrzebniejszych lokali us\u0142ugowych i udogodnie\u0144. S\u0105 3 minuty do najbli\u017cszego osiedlowego sklepu. W pobli\u017cu jest przystanek autobusowy Mosty-Ogrodowa linii 146,105 oraz 165, a wi\u0119c \u0142atwo dojecha\u0107 do centrum miasta Gdyni. W wakacje kursuje r\u00f3wnie\u017c autobus linii M z Rumi. Od najbli\u017cszej Szko\u0142y Podstawowej w Mostach dzieli nieca\u0142y 1 km, a najbli\u017csze przedszkole 250 m.<\/span><\/p>\n<p>&nbsp;<\/p>\n<p><b>Opis mieszkania: <\/b><span style=\"font-weight: 400;\">Ca\u0142kowita powierzchnia u\u017cytkowa mieszkania wynosi <\/span><b>ok. 60 m2<\/b><span style=\"font-weight: 400;\">. Prezentowany obiekt sk\u0142ada si\u0119 z <\/span><b>2 umeblowanych poziom\u00f3w<\/b><span style=\"font-weight: 400;\">, tworz\u0105c komfortow\u0105 i przytuln\u0105 przestrze\u0144. Wn\u0119trze obiektu zawiera:<\/span><\/p>\n<p><span style=\"font-weight: 400;\">Jasny, przestronny salon z funkcjonaln\u0105, otwart\u0105 kuchni\u0105 o powierzchni ok. 25m2, idealny do relaksu oraz integracji. Mieszkanie posiada nowoczesn\u0105, w pe\u0142ni wyposa\u017con\u0105 kuchni\u0119 wraz z sprz\u0119tem AGD, kt\u00f3ra tworzy doskona\u0142\u0105 przestrze\u0144 do przygotowywania posi\u0142k\u00f3w.\u00a0<\/span><\/p>\n<p><span style=\"font-weight: 400;\">Sypialnia o powierzchni ok. 18m2, zapewniaj\u0105ca odpowiedni\u0105 ilo\u015b\u0107 prywatno\u015bci i wygod\u0119 dla mieszka\u0144c\u00f3w.<\/span><\/p>\n<p><span style=\"font-weight: 400;\">\u0141azienka o powierzchni ok. 3m2. Kompleksowo wyposa\u017cona w wann\u0119, toalet\u0119, umywalk\u0119 z szafk\u0105, p\u00f3\u0142eczki oraz pralk\u0119.<\/span><\/p>\n<p><span style=\"font-weight: 400;\">Korytarz o powierzchni 1m2, kt\u00f3ry sprawnie \u0142\u0105czy poszczeg\u00f3lne pomieszczenia.<\/span><\/p>\n<p><span style=\"font-weight: 400;\">U\u017cytkowe poddasze o powierzchni ok. 15m2. Zaadaptowane jako sypialnia z du\u017cym, wygodnym \u0142\u00f3\u017ckiem.<\/span><\/p>\n<p><span style=\"font-weight: 400;\">Okna mieszkania s\u0105 ekspozycji wschodnio-po\u0142udniowej, co gwarantuje dost\u0119p do naturalnego \u015bwiat\u0142a przez wi\u0119kszo\u015b\u0107 dnia. Dodatkowo, mieszkanie posiada balkon od strony po\u0142udniowej, kt\u00f3ry zapewnia dodatkowe miejsce do odpoczynku na \u015bwie\u017cym powietrzu.<\/span><\/p>\n<p>&nbsp;<\/p>\n<p><b>Op\u0142aty:<\/b><\/p>\n<p><span style=\"font-weight: 400;\">Czynsz: <\/span><b>1900 z\u0142<\/b><span style=\"font-weight: 400;\">.<\/span><\/p>\n<p><span style=\"font-weight: 400;\">Media: Op\u0142aty za <\/span><b>media<\/b><span style=\"font-weight: 400;\">, takie jak woda, pr\u0105d, \u015bmieci, \u015bcieki oraz ogrzewanie, naliczane s\u0105 <\/span><b>wed\u0142ug faktycznego zu\u017cycia<\/b><span style=\"font-weight: 400;\">, co pozwala na indywidualne dostosowanie koszt\u00f3w do potrzeb najemcy.<\/span><\/p>\n<p><span style=\"font-weight: 400;\">Wymagana kaucja zwrotna w wysoko\u015bci <\/span><b>2000 z\u0142<\/b><span style=\"font-weight: 400;\">.<\/span><\/p>\n<p>&nbsp;<\/p>\n<p><span style=\"font-weight: 400;\">Biuro Nieruchomo\u015bci Primos serdecznie zaprasza zainteresowanych do kontaktu w celu uzyskania dalszych informacji oraz um\u00f3wienia si\u0119 na prezentacj\u0119 tego atrakcyjnego mieszkania. Nasz zesp\u00f3\u0142 ekspert\u00f3w jest gotowy, aby sprosta\u0107 Pa\u0144stwa oczekiwaniom i pom\u00f3c w znalezieniu wymarzonego miejsca do zamieszkania. Nie przegap tej unikalnej okazji i zr\u00f3b pierwszy krok w stron\u0119 swojego nowego domu.<\/span><\/p>\n<p>&nbsp;<\/p>\n<p><span style=\"font-weight: 400;\">Biuro Nieruchomo\u015bci Primos &#8211; zaufaj profesjonalistom, inwestuj w przysz\u0142o\u015b\u0107!<\/span><\/p>\n","protected":false},"excerpt":{"rendered":"<p><strong>MIESZKANIE NA WYNAJEM<\/strong><br \/>\nMosty ul. Konwaliowa<\/p>\n<p><strong>DANE SZCZEG\u00d3\u0141OWE:<\/strong><\/p>\n<p><strong>TYP TRANSAKCJI:<\/strong> wynajem<br \/>\n<strong>LOKALIZACJA:<\/strong> Mosty ul. Konaliowa<br \/>\n<strong>LICZBA POKOI :<\/strong> 2+poddasze u\u017cytkowe<br \/>\n<strong>PI\u0118TRO:<\/strong> 1 z 1<br \/>\n<strong>CENA:<\/strong> 1900PLN<br \/>\n<strong>TYP NIERUCHOMO\u015aCI:<\/strong> mieszkanie<br \/>\n<strong>POWIERZCHNIA:<\/strong> 60M2<br \/>\n<strong>CENA ZA M2:<\/strong> 31,67PLN<\/p>\n<p> <a class=\"more-link\" href=\"http:\/\/nieruchomosciprimos.pl\/?product=mieszkanie-na-wynajem-mosty-ul-konwaliowa-1\">Czytaj dalej<\/a><\/p>","protected":false},"featured_media":11852,"template":"","meta":[],"product_cat":[50],"product_tag":[59],"_links":{"self":[{"href":"http:\/\/nieruchomosciprimos.pl\/index.php?rest_route=\/wp\/v2\/product\/11680"}],"collection":[{"href":"http:\/\/nieruchomosciprimos.pl\/index.php?rest_route=\/wp\/v2\/product"}],"about":[{"href":"http:\/\/nieruchomosciprimos.pl\/index.php?rest_route=\/wp\/v2\/types\/product"}],"wp:featuredmedia":[{"embeddable":true,"href":"http:\/\/nieruchomosciprimos.pl\/index.php?rest_route=\/wp\/v2\/media\/11852"}],"wp:attachment":[{"href":"http:\/\/nieruchomosciprimos.pl\/index.php?rest_route=%2Fwp%2Fv2%2Fmedia&parent=11680"}],"wp:term":[{"taxonomy":"product_cat","embeddable":true,"href":"http:\/\/nieruchomosciprimos.pl\/index.php?rest_route=%2Fwp%2Fv2%2Fproduct_cat&post=11680"},{"taxonomy":"product_tag","embeddable":true,"href":"http:\/\/nieruchomosciprimos.pl\/index.php?rest_route=%2Fwp%2Fv2%2Fproduct_tag&post=11680"}],"curies":[{"name":"wp","href":"https:\/\/api.w.org\/{rel}","templated":true}]}}