{"id":11683,"date":"2023-06-04T11:05:16","date_gmt":"2023-06-04T11:05:16","guid":{"rendered":"http:\/\/nieruchomosciprimos.pl\/?post_type=product&#038;p=11683"},"modified":"2023-07-20T16:40:47","modified_gmt":"2023-07-20T16:40:47","slug":"mieszkanie-na-wynajem-mosty-ul-konwaliowa-4","status":"publish","type":"product","link":"http:\/\/nieruchomosciprimos.pl\/?product=mieszkanie-na-wynajem-mosty-ul-konwaliowa-4","title":{"rendered":"BUDYNEK MIESZKALNY Z POKOJAMI DO WYNAJ\u0118CIA WE W\u0141ADYS\u0141AWOWIE"},"content":{"rendered":"<p><span style=\"font-weight: 400;\">Z przyjemno\u015bci\u0105 prezentujemy Pa\u0144stwu wyj\u0105tkow\u0105 ofert\u0119 sprzeda\u017cy budynku z pokojami do wynaj\u0119cia w urokliwym W\u0142adys\u0142awowie. Ten atrakcyjny obiekt jest doskona\u0142\u0105 inwestycj\u0105 zar\u00f3wno dla os\u00f3b, kt\u00f3re chc\u0105 zamieszka\u0107 nad morzem i prowadzi\u0107 sw\u00f3j biznes w sektorze turystycznym, jak i dla do\u015bwiadczonych przedsi\u0119biorc\u00f3w.<\/span><\/p>\n<p><span style=\"font-weight: 400;\">Poni\u017cej przedstawiamy wszystkie wa\u017cne parametry obiektu:<\/span><\/p>\n<p><b>Lokalizacja: <\/b><span style=\"font-weight: 400;\">Budynek zlokalizowany jest w urokliwym mie\u015bcie <\/span><b>W\u0142adys\u0142awowo<\/b><span style=\"font-weight: 400;\">, po\u0142o\u017conym nad brzegiem Ba\u0142tyku. S\u0142ynie z pi\u0119knych piaszczystych pla\u017c, bogatej infrastruktury turystycznej oraz rozbudowanej bazy rekreacyjnej (liczne restauracje, kawiarnie, sklepy oraz punkty us\u0142ugowe). Jest to polski nadmorski kurort wakacyjny. W\u0142adys\u0142awowo cieszy si\u0119 du\u017cym zainteresowaniem, dzi\u0119ki czemu obiekt ma potencja\u0142 na zapewnienie stabilnego i dochodowego wynajmu.\u00a0<\/span><\/p>\n<p><b>Opis nieruchomo\u015bci:<\/b><span style=\"font-weight: 400;\"> Nieruchomo\u015b\u0107 jest umiejscowiona na dzia\u0142ce o powierzchni <\/span><b>713 m2<\/b><span style=\"font-weight: 400;\">. Na posesji znajduje si\u0119 przestronny ogr\u00f3d z kwiatami i drzewami, kt\u00f3ry tworzy wyj\u0105tkowy klimat relaksu i wypoczynku. W ogrodzie s\u0105 r\u00f3wnie\u017c dwie altany (zadaszona i niezadaszona), miejsce do grillowania, blaszany gara\u017c, wiata \u015bmietnikowa oraz domek i zabawki dla dzieci, co czyni to miejsce przyjaznym dla ca\u0142ych rodzin.<\/span><\/p>\n<p><span style=\"font-weight: 400;\">Ca\u0142kowita powierzchnia u\u017cytkowa budynku wynosi <\/span><b>251,2 m2<\/b><\/p>\n<p><span style=\"font-weight: 400;\">Prezentowany budynek sk\u0142ada si\u0119 z <\/span><b>7 poziom\u00f3w<\/b><span style=\"font-weight: 400;\">, tworz\u0105c komfortow\u0105 i przytuln\u0105 przestrze\u0144 dla go\u015bci. Wn\u0119trze obiektu zawiera:<\/span><\/p>\n<p><span style=\"font-weight: 400;\">I poziom: 3 pomieszczenia, tj. kuchnia z jadalni\u0105, sypialnia, pralnia i \u0142azienka (do dyspozycji w\u0142a\u015bcicieli lub personelu)<\/span><\/p>\n<p><span style=\"font-weight: 400;\">II poziom: apartament 2-pokojowy z aneksem kuchennym i \u0142azienk\u0105 dla maksymalnie 5 go\u015bci<\/span><\/p>\n<p><span style=\"font-weight: 400;\">III poziom: apartament 2-pokojowy z kuchni\u0105, \u0142azienk\u0105 i balkonem dla 4 go\u015bci, hol<\/span><\/p>\n<p><span style=\"font-weight: 400;\">IV poziom: apartament z aneksem kuchennym i \u0142azienk\u0105 dla 4 go\u015bci, 2 balkony<\/span><\/p>\n<p><span style=\"font-weight: 400;\">V poziom: 4 pomieszczenia tj. dwa pokoje dla 7 go\u015bci, kuchnia, \u0142azienka, balkon<\/span><\/p>\n<p><span style=\"font-weight: 400;\">VI poziom: pok\u00f3j 2-osobowy i 3-osobowy z prywatnymi aneksami kuchennymi i \u0142azienkami<\/span><\/p>\n<p><span style=\"font-weight: 400;\">VII poziom: dwa pokoje dla 6 go\u015bci (jeden z widokiem na zatok\u0119), kuchnia, \u0142azienka<\/span><\/p>\n<p><b>Stan techniczny<\/b><span style=\"font-weight: 400;\">: Nieruchomo\u015b\u0107, mimo \u017ce nie jest nowa, zosta\u0142a starannie utrzymana i eksploatowana. Istnieje potencja\u0142 podniesienia standardu obiektu przez kilka elementarnych remont\u00f3w. Budynek ogrzewany jest piecem w\u0119glowym (eko groszek). Jednak jest mo\u017cliwo\u015b\u0107 wymiany na piec gazowy (prace przewidziane na jesie\u0144 tego roku).\u00a0<\/span><\/p>\n<p><b>Potencja\u0142 inwestycyjny:<\/b><span style=\"font-weight: 400;\"> Obiekt ten ma du\u017cy potencja\u0142 inwestycyjny, zar\u00f3wno pod wzgl\u0119dem osi\u0105gania stabilnych i d\u0142ugoterminowych dochod\u00f3w z wynajmu pokoi turystom, jak i pod k\u0105tem ewentualnej rozbudowy lub adaptacji pod r\u00f3\u017cnego rodzaju dzia\u0142alno\u015b\u0107 komercyjn\u0105 np. o\u015brodek uzale\u017cnie\u0144 lub kwatery pracownicze.<\/span><\/p>\n<p>&nbsp;<\/p>\n<p><span style=\"font-weight: 400;\">W razie pyta\u0144 lub ch\u0119ci uzyskania dodatkowych informacji zach\u0119camy do kontaktu z naszym biurem nieruchomo\u015bci. Nasz zesp\u00f3\u0142 ekspert\u00f3w jest gotowy, aby pom\u00f3c w realizacji Pa\u0144stwa inwestycyjnych cel\u00f3w i zapewni\u0107 kompleksowe wsparcie na ka\u017cdym etapie transakcji.<\/span><\/p>\n<p>&nbsp;<\/p>\n<p><span style=\"font-weight: 400;\">Biuro Nieruchomo\u015bci Primos &#8211; zaufaj profesjonalistom, inwestuj w przysz\u0142o\u015b\u0107!<\/span><\/p>\n","protected":false},"excerpt":{"rendered":"<p><strong>BUDYNEK MIESZKALNY Z POKOJAMI DO WYNAJ\u0118CIA<\/strong><\/p>\n<p>W\u0142adys\u0142awowo<\/p>\n<p><strong>DANE SZCZEG\u00d3\u0141OWE:<\/strong><\/p>\n<p><strong>TYP TRANSAKCJI:<\/strong> sprzeda\u017c<br \/>\n<strong>LOKALIZACJA:<\/strong> W\u0142adys\u0142awowo<br \/>\n<strong>LICZBA POKOI<\/strong> : 11+<br \/>\n<strong>CENA:<\/strong> 1683040PLN<br \/>\n<strong>TYP NIERUCHOMO\u015aCI:<\/strong> dom<br \/>\n<strong>POWIERZCHNIA:<\/strong> 251,20M2<br \/>\n<strong>CENA ZA M2:<\/strong> 6700PLN<\/p>\n<p> <a class=\"more-link\" href=\"http:\/\/nieruchomosciprimos.pl\/?product=mieszkanie-na-wynajem-mosty-ul-konwaliowa-4\">Czytaj dalej<\/a><\/p>","protected":false},"featured_media":11827,"template":"","meta":[],"product_cat":[15],"product_tag":[57],"_links":{"self":[{"href":"http:\/\/nieruchomosciprimos.pl\/index.php?rest_route=\/wp\/v2\/product\/11683"}],"collection":[{"href":"http:\/\/nieruchomosciprimos.pl\/index.php?rest_route=\/wp\/v2\/product"}],"about":[{"href":"http:\/\/nieruchomosciprimos.pl\/index.php?rest_route=\/wp\/v2\/types\/product"}],"wp:featuredmedia":[{"embeddable":true,"href":"http:\/\/nieruchomosciprimos.pl\/index.php?rest_route=\/wp\/v2\/media\/11827"}],"wp:attachment":[{"href":"http:\/\/nieruchomosciprimos.pl\/index.php?rest_route=%2Fwp%2Fv2%2Fmedia&parent=11683"}],"wp:term":[{"taxonomy":"product_cat","embeddable":true,"href":"http:\/\/nieruchomosciprimos.pl\/index.php?rest_route=%2Fwp%2Fv2%2Fproduct_cat&post=11683"},{"taxonomy":"product_tag","embeddable":true,"href":"http:\/\/nieruchomosciprimos.pl\/index.php?rest_route=%2Fwp%2Fv2%2Fproduct_tag&post=11683"}],"curies":[{"name":"wp","href":"https:\/\/api.w.org\/{rel}","templated":true}]}}