{"id":11917,"date":"2023-09-27T19:41:14","date_gmt":"2023-09-27T19:41:14","guid":{"rendered":"http:\/\/nieruchomosciprimos.pl\/?post_type=product&#038;p=11917"},"modified":"2024-06-25T18:39:01","modified_gmt":"2024-06-25T18:39:01","slug":"dom-w-rekowie-gornym","status":"publish","type":"product","link":"http:\/\/nieruchomosciprimos.pl\/?product=dom-w-rekowie-gornym","title":{"rendered":"DOM JEDNORODZINNY W STANIE DEWELOPERSKIM"},"content":{"rendered":"<p>Na sprzeda\u017c dom w Rekowie G\u00f3rnym!<\/p>\n<p>Lokalizacja: Rekowo G\u00f3rne<br \/>\nPowierzchnia dzia\u0142ki: 1013m2<br \/>\nPowierzchnia domu: 139,20m2+ 38,20m2 gara\u017c (wed\u0142ug projektu Kevin A)<br \/>\nStan: Deweloperski<br \/>\nOgrzewanie: Pod\u0142ogowe gazowe<\/p>\n<p>Oferujemy Pa\u0144stwu dom o nowoczesnej architekturze wed\u0142ug projektu Kevin A, usytuowany na przestronnej dzia\u0142ce o powierzchni 1013m2. Nieruchomo\u015b\u0107 znajduje si\u0119 w stanie deweloperskim, co daje mo\u017cliwo\u015b\u0107 dopasowania wyko\u0144czenia do w\u0142asnych potrzeb i gustu.<\/p>\n<p>Dom o powierzchni 177,40m2 zosta\u0142 zaprojektowany z my\u015bl\u0105 o komforcie i funkcjonalno\u015bci. Ogrzewanie pod\u0142ogowe gazowe gwarantuje efektywn\u0105 i ekonomiczn\u0105 termoregulacj\u0119 w ka\u017cdym pomieszczeniu.<\/p>\n<p>To doskona\u0142a oferta dla os\u00f3b poszukuj\u0105cych spokojnej okolicy z blisko\u015bci\u0105 natury, a jednocze\u015bnie chc\u0105cych cieszy\u0107 si\u0119 nowoczesnym i komfortowym stylem \u017cycia.<\/p>\n<p>Zapraszamy do kontaktu i um\u00f3wienia si\u0119 na bezp\u0142atn\u0105 prezentacj\u0119!<\/p>\n<p>Kontakt:<\/p>\n<p>Telefon: +48 733585358, 660798185<br \/>\nE-mail: nieruchomosci.primos@gmail.com<\/p>\n<p>Biuro Nieruchomo\u015bci Primos \u2013 zaufaj profesjonalistom, inwestuj w przysz\u0142o\u015b\u0107!<\/p>\n","protected":false},"excerpt":{"rendered":"<p><strong>DOM JEDNORODZINNY W STANIE DEWELOERSKIM<\/strong><\/p>\n<p><strong>DANE SZCZEG\u00d3\u0141OWE:<\/strong><\/p>\n<p><strong>TYP TRANSAKCJI:<\/strong>\u00a0sprzeda\u017c<br \/>\n<strong>LOKALIZACJA:<\/strong> Rekowo G\u00f3rne<br \/>\n<strong>LICZBA POKOI<\/strong> : 5<br \/>\n<strong>CENA:<\/strong> 957960PLN<br \/>\n<strong>TYP NIERUCHOMO\u015aCI:<\/strong>\u00a0dom<br \/>\n<strong>POWIERZCHNIA:<\/strong> 177,2M2<br \/>\n<strong>CENA ZA M2:<\/strong> 5400PLN<\/p>\n<p> <a class=\"more-link\" href=\"http:\/\/nieruchomosciprimos.pl\/?product=dom-w-rekowie-gornym\">Czytaj dalej<\/a><\/p>","protected":false},"featured_media":11963,"template":"","meta":[],"product_cat":[15],"product_tag":[57],"_links":{"self":[{"href":"http:\/\/nieruchomosciprimos.pl\/index.php?rest_route=\/wp\/v2\/product\/11917"}],"collection":[{"href":"http:\/\/nieruchomosciprimos.pl\/index.php?rest_route=\/wp\/v2\/product"}],"about":[{"href":"http:\/\/nieruchomosciprimos.pl\/index.php?rest_route=\/wp\/v2\/types\/product"}],"wp:featuredmedia":[{"embeddable":true,"href":"http:\/\/nieruchomosciprimos.pl\/index.php?rest_route=\/wp\/v2\/media\/11963"}],"wp:attachment":[{"href":"http:\/\/nieruchomosciprimos.pl\/index.php?rest_route=%2Fwp%2Fv2%2Fmedia&parent=11917"}],"wp:term":[{"taxonomy":"product_cat","embeddable":true,"href":"http:\/\/nieruchomosciprimos.pl\/index.php?rest_route=%2Fwp%2Fv2%2Fproduct_cat&post=11917"},{"taxonomy":"product_tag","embeddable":true,"href":"http:\/\/nieruchomosciprimos.pl\/index.php?rest_route=%2Fwp%2Fv2%2Fproduct_tag&post=11917"}],"curies":[{"name":"wp","href":"https:\/\/api.w.org\/{rel}","templated":true}]}}